{"id":5207,"date":"2022-11-26T20:05:46","date_gmt":"2022-11-26T20:05:46","guid":{"rendered":"http:\/\/pharaohsreisen.com\/?post_type=product&#038;p=5207"},"modified":"2025-12-08T21:35:14","modified_gmt":"2025-12-08T21:35:14","slug":"sharm-elnaga","status":"publish","type":"product","link":"https:\/\/pharaohsreisen.com\/de\/produkt\/sharm-elnaga\/","title":{"rendered":"SHARM ELNAGA"},"content":{"rendered":"<h2>\u00dcbersicht<\/h2>\n<div data-track=\"overview\" data-v-682f2170=\"\">\n<section id=\"activity-overview\" class=\"activity-overview\" data-component=\"overview\" data-v-316219c4=\"\" data-v-682f2170=\"\">\n<div class=\"elementor-element elementor-element-3a7506b elementor-widget elementor-widget-text-editor\" data-id=\"3a7506b\" data-element_type=\"widget\" data-widget_type=\"text-editor.default\">\n<div class=\"elementor-widget-container\">\n<p><strong>Sharm El Naga<\/strong>\u00a0ist die beste Schnorchelbucht. Die Unterwasserwelt ist gro\u00dfartig. Der Strand ist perfekt, ausgezeichnete Liegest\u00fchle, gro\u00dfe Sonnenschirme, es gibt auch einen Pool und Spiele f\u00fcr Kinder.<br \/>\nErleben Sie mit uns eine unvergessliche Schnorcheltour in\u00a0<strong>Sharm El Naga.<\/strong><\/p>\n<div class=\"elementor-element elementor-element-dd861cd elementor-widget elementor-widget-text-editor\" data-id=\"dd861cd\" data-element_type=\"widget\" data-widget_type=\"text-editor.default\">\n<div class=\"elementor-widget-container\">\n<p>Genie\u00dfen Sie einen unvergesslichen Tag bei\u00a0<strong>Sharm El Naga Strand<\/strong>. Schwimmen und schnorcheln Sie und genie\u00dfen Sie ein Unterwasserreservat mit wundersch\u00f6nen Korallen, bunten Fischen und exotischen Meerestieren.<\/p>\n<p><strong>Sharm El Naga<\/strong>\u00a0ist ein wundersch\u00f6nes Unterwasserrefugium s\u00fcdlich von Hurghada. Hier finden Sie ein wundersch\u00f6nes, unber\u00fchrtes Korallenriff mit unz\u00e4hligen bunten Fischen und anderen Meerestieren direkt vor der K\u00fcste.<\/p>\n<\/div>\n<\/div>\n<div class=\"elementor-element elementor-element-bf630e5 elementor-widget elementor-widget-heading\" data-id=\"bf630e5\" data-element_type=\"widget\" data-widget_type=\"heading.default\">\n<div class=\"elementor-widget-container\"><\/div>\n<\/div>\n<\/div>\n<\/div>\n<h3 class=\"activity-overview__content activity-overview__content--certified\" data-test-id=\"activity-overview-content\"><strong>Tour Highlights<\/strong><\/h3>\n<\/section>\n<\/div>\n<ul>\n<li>Schnorcheln<\/li>\n<li>Schwimmen<\/li>\n<li>Entspannen Sie sich<\/li>\n<\/ul>","protected":false},"excerpt":{"rendered":"<p>Overview Sharm El Naga\u00a0is the best snorkeling bay. The underwater world is great. The beach is perfect, excellent sun loungers, large umbrellas, there is also a pool and games for children. Join us for an unforgettable snorkeling tour in\u00a0Sharm El Naga. Enjoy an unforgettable day at\u00a0Sharm El Naga Beach. Swim and snorkel and enjoy an [&hellip;]<\/p>","protected":false},"featured_media":5218,"comment_status":"closed","ping_status":"closed","template":"","meta":{"om_disable_all_campaigns":false,"_mi_skip_tracking":false,"_monsterinsights_sitenote_active":false,"_monsterinsights_sitenote_note":"","_monsterinsights_sitenote_category":0},"product_cat":[45,43],"product_tag":[65,63,62,76,77],"class_list":["post-5207","product","type-product","status-publish","has-post-thumbnail","hentry","product_cat-daily-trips","product_cat-sea-trips","product_tag-giftun","product_tag-orange","product_tag-orange-bay","product_tag-paradise","product_tag-paradise-island"],"aioseo_notices":[],"_links":{"self":[{"href":"https:\/\/pharaohsreisen.com\/de\/wp-json\/wp\/v2\/product\/5207","targetHints":{"allow":["GET"]}}],"collection":[{"href":"https:\/\/pharaohsreisen.com\/de\/wp-json\/wp\/v2\/product"}],"about":[{"href":"https:\/\/pharaohsreisen.com\/de\/wp-json\/wp\/v2\/types\/product"}],"replies":[{"embeddable":true,"href":"https:\/\/pharaohsreisen.com\/de\/wp-json\/wp\/v2\/comments?post=5207"}],"wp:featuredmedia":[{"embeddable":true,"href":"https:\/\/pharaohsreisen.com\/de\/wp-json\/wp\/v2\/media\/5218"}],"wp:attachment":[{"href":"https:\/\/pharaohsreisen.com\/de\/wp-json\/wp\/v2\/media?parent=5207"}],"wp:term":[{"taxonomy":"product_cat","embeddable":true,"href":"https:\/\/pharaohsreisen.com\/de\/wp-json\/wp\/v2\/product_cat?post=5207"},{"taxonomy":"product_tag","embeddable":true,"href":"https:\/\/pharaohsreisen.com\/de\/wp-json\/wp\/v2\/product_tag?post=5207"}],"curies":[{"name":"wp","href":"https:\/\/api.w.org\/{rel}","templated":true}]}}