{"id":5052,"date":"2022-11-08T23:11:13","date_gmt":"2022-11-08T23:11:13","guid":{"rendered":"http:\/\/pharaohsreisen.com\/?post_type=product&#038;p=5052"},"modified":"2025-12-08T21:38:38","modified_gmt":"2025-12-08T21:38:38","slug":"city-tour-el-gouna","status":"publish","type":"product","link":"https:\/\/pharaohsreisen.com\/de\/produkt\/city-tour-el-gouna\/","title":{"rendered":"Stadtrundfahrt Elgouna"},"content":{"rendered":"<h2>\u00dcbersicht<\/h2>\n<div data-track=\"overview\" data-v-682f2170=\"\">\n<section id=\"activity-overview\" class=\"activity-overview\" data-component=\"overview\" data-v-316219c4=\"\" data-v-682f2170=\"\">\n<div data-track=\"overview\" data-v-518fc7ba=\"\">\n<section id=\"activity-overview\" class=\"activity-overview\" data-component=\"overview\" data-v-316219c4=\"\" data-v-518fc7ba=\"\">\n<p class=\"activity-overview__content\" data-test-id=\"activity-overview-content\" data-v-316219c4=\"\">Besuchen Sie mit uns den sch\u00f6nen Ferienort El Gouna. El Gouna wurde an der K\u00fcste des Roten Meeres auf kleinen Inseln gebaut und ist f\u00fcr seine sch\u00f6nen Str\u00e4nde und Riffe bekannt. Der wohl sch\u00f6nste Ort zum Verweilen ist der Yachthafen mit den Yachten und seinen netten Caf\u00e9s und Bars. Sie werden 1 Stunde lang mit einem Boot durch die Lagunen fahren und die einzigartige Atmosph\u00e4re des Ortes erleben. Anschlie\u00dfend besuchen Sie den Yachthafen, die Moschee und genie\u00dfen einen atemberaubenden Blick vom El Gouna Tower.<\/p>\n<div class=\"col-md-7\">\n<p class=\"p2-text space\">El Gouna ist zweifellos ein Juwel an der K\u00fcste des Roten Meeres, eine franz\u00f6sische Riviera \u00c4gyptens, wo wundersch\u00f6ne Yachten und eine einzigartige Architektur daf\u00fcr sorgen, dass Sie sich wie auf einer Postkarte f\u00fchlen. Die Stadt wurde von dem Telekommunikationsmagnaten Samir Sawires gegr\u00fcndet, der die Vision hatte, eine perfekte Urlaubsstadt zu errichten. Und genau das hat er getan.<\/p>\n<\/div>\n<h3 class=\"activity-overview__content\" data-test-id=\"activity-overview-content\">Tour Highlights<\/h3>\n<\/section>\n<\/div>\n<\/section>\n<\/div>\n<ul>\n<li>Genie\u00dfen Sie eine gef\u00fchrte Stadtrundfahrt durch El Gouna<\/li>\n<li>Bestaunen Sie die Yachten in der Abu Tig Marina<\/li>\n<li>Betreten Sie den El Gouna Tower und genie\u00dfen Sie die herrliche Aussicht auf die Umgebung<\/li>\n<li>Besuchen Sie das Aquarium von El Gouna und den Tamr Henna-Platz<\/li>\n<li>Ride between El Gouna\u2019s picturesque lagoons<\/li>\n<\/ul>\n<div data-wpcr3-content=\"-1\"><div class='wpcr3_respond_1' data-ajaxurl='[\"https:||pharaohsreisen\",\"com|wp-admin|admin-ajax\",\"php?action=wpcr3-ajax\"]' data-on-postid='5052'data-postid='-1'><div class=\"wpcr3_reviews_holder\"><div class=\"wpcr3_review_item\"><div class=\"wpcr3_item wpcr3_business\" itemscope itemtype=\"https:\/\/schema.org\/LocalBusiness\"><meta itemprop=\"name\" content=\"pharaohs reisen\" \/><meta itemprop=\"url\" content=\"https:\/\/pharaohsreisen.com\/de\" \/><meta itemprop=\"image\" content=\"https:\/\/pharaohsreisen.com\/wp-content\/plugins\/wp-customer-reviews\/css\/1x1.png\" \/><div class=\"wpcr3_dotline\"><\/div><div id=\"wpcr3_id_5296\" class=\"wpcr3_review\" itemprop=\"review\" itemscope itemtype=\"https:\/\/schema.org\/Review\"><div class=\"wpcr3_hide\" itemprop=\"author\" itemscope itemtype=\"https:\/\/schema.org\/Person\"><div itemprop=\"name\">Afaf Reslan<\/div><\/div><div class=\"wpcr3_hide\" itemprop=\"reviewRating\" itemscope itemtype=\"https:\/\/schema.org\/Rating\"><meta itemprop=\"bestRating\" content=\"5\" \/><meta itemprop=\"worstRating\" content=\"1\" \/><meta itemprop=\"ratingValue\" content=\"5\" \/><\/div><div class=\"wpcr3_review_ratingValue\"><div class=\"wpcr3_rating_style1\"><div class=\"wpcr3_rating_style1_base\"><div class=\"wpcr3_rating_style1_average\" style=\"width:100%;\"><\/div><\/div><\/div><\/div><div class=\"wpcr3_review_datePublished\" itemprop=\"datePublished\">Jan 7, 2023<\/div><div class=\"wpcr3_review_author\">&nbsp;by&nbsp;<span class=\"wpcr3_caps\">Afaf Reslan<\/span>&nbsp;on&nbsp;<span class=\"wpcr3_item_name\"><a href=\"https:\/\/pharaohsreisen.com\/de\/produkt\/city-tour-hurghada\/\">pharaohs reisen<\/a><\/span><\/div><div class=\"wpcr3_clear\"><\/div><div class=\"wpcr3_review_title wpcr3_caps\">Super Zufrieden<\/div><div class=\"wpcr3_clear\"><\/div><blockquote class=\"wpcr3_content\" itemprop=\"reviewBody\"><p>Sehr freundlich! Ich bin sehr zufrieden und kann die Seite nur weiterempfehlen!<\/p><\/blockquote><\/div><\/div><\/div><div class=\"wpcr3_review_item\"><div class=\"wpcr3_item wpcr3_business\" itemscope itemtype=\"https:\/\/schema.org\/LocalBusiness\"><meta itemprop=\"name\" content=\"pharaohs reisen\" \/><meta itemprop=\"url\" content=\"https:\/\/pharaohsreisen.com\/de\" \/><meta itemprop=\"image\" content=\"https:\/\/pharaohsreisen.com\/wp-content\/plugins\/wp-customer-reviews\/css\/1x1.png\" \/><div class=\"wpcr3_dotline\"><\/div><div id=\"wpcr3_id_5295\" class=\"wpcr3_review\" itemprop=\"review\" itemscope itemtype=\"https:\/\/schema.org\/Review\"><div class=\"wpcr3_hide\" itemprop=\"author\" itemscope itemtype=\"https:\/\/schema.org\/Person\"><div itemprop=\"name\">Fatima<\/div><\/div><div class=\"wpcr3_hide\" itemprop=\"reviewRating\" itemscope itemtype=\"https:\/\/schema.org\/Rating\"><meta itemprop=\"bestRating\" content=\"5\" \/><meta itemprop=\"worstRating\" content=\"1\" \/><meta itemprop=\"ratingValue\" content=\"5\" \/><\/div><div class=\"wpcr3_review_ratingValue\"><div class=\"wpcr3_rating_style1\"><div class=\"wpcr3_rating_style1_base\"><div class=\"wpcr3_rating_style1_average\" style=\"width:100%;\"><\/div><\/div><\/div><\/div><div class=\"wpcr3_review_datePublished\" itemprop=\"datePublished\">Dec 24, 2022<\/div><div class=\"wpcr3_review_author\">&nbsp;by&nbsp;<span class=\"wpcr3_caps\">Fatima<\/span>&nbsp;on&nbsp;<span class=\"wpcr3_item_name\"><a href=\"https:\/\/pharaohsreisen.com\/de\/produkt\/city-tour-hurghada\/\">pharaohs reisen<\/a><\/span><\/div><div class=\"wpcr3_clear\"><\/div><div class=\"wpcr3_clear\"><\/div><blockquote class=\"wpcr3_content\" itemprop=\"reviewBody\"><p>Meine Freundin und ich haben uns spontan f\u00fcr eine Stadtrundfahrt entscheiden. Der Reisef\u00fchrer kannte sich sehr gut aus. Es hat sehr Spa\u00df gemacht und wir haben viel gelacht. Ich kann die Tour nur weiterempfehlen und w\u00fcrde das n\u00e4chste Mal auch wiederholen!<\/p><\/blockquote><\/div><\/div><\/div><div class=\"wpcr3_review_item\"><div class=\"wpcr3_item wpcr3_product\" itemscope itemtype=\"https:\/\/schema.org\/Product\"><meta itemprop=\"name\" content=\"pharaohs reisen\" \/><meta itemprop=\"brand\" content=\"\" \/><meta itemprop=\"productID\" content=\"\" \/><meta itemprop=\"image\" content=\"https:\/\/pharaohsreisen.com\/wp-content\/plugins\/wp-customer-reviews\/css\/1x1.png\" \/><div class=\"wpcr3_dotline\"><\/div><div id=\"wpcr3_id_5294\" class=\"wpcr3_review\" itemprop=\"review\" itemscope itemtype=\"https:\/\/schema.org\/Review\"><div class=\"wpcr3_hide\" itemprop=\"author\" itemscope itemtype=\"https:\/\/schema.org\/Person\"><div itemprop=\"name\">Adrian Lukas<\/div><\/div><div class=\"wpcr3_hide\" itemprop=\"reviewRating\" itemscope itemtype=\"https:\/\/schema.org\/Rating\"><meta itemprop=\"bestRating\" content=\"5\" \/><meta itemprop=\"worstRating\" content=\"1\" \/><meta itemprop=\"ratingValue\" content=\"5\" \/><\/div><div class=\"wpcr3_review_ratingValue\"><div class=\"wpcr3_rating_style1\"><div class=\"wpcr3_rating_style1_base\"><div class=\"wpcr3_rating_style1_average\" style=\"width:100%;\"><\/div><\/div><\/div><\/div><div class=\"wpcr3_review_datePublished\" itemprop=\"datePublished\">Dec 24, 2022<\/div><div class=\"wpcr3_review_author\">&nbsp;by&nbsp;<span class=\"wpcr3_caps\">Adrian Lukas<\/span>&nbsp;on&nbsp;<span class=\"wpcr3_item_name\"><a href=\"https:\/\/pharaohsreisen.com\/de\/produkt\/mahmya-island\/\">pharaohs reisen<\/a><\/span><\/div><div class=\"wpcr3_clear\"><\/div><div class=\"wpcr3_review_title wpcr3_caps\">Mega Ausfl\u00fcge \ud83d\udc4c\ud83d\udc4c\ud83d\udc4c\ud83d\udc4c<\/div><div class=\"wpcr3_clear\"><\/div><blockquote class=\"wpcr3_content\" itemprop=\"reviewBody\"><p>Richtig perfekt Qualit\u00e4t und Best Preis \ud83d\udc4c\ud83d\udc4c\ud83d\udc4c\ud83d\udc4c<\/p><\/blockquote><\/div><\/div><\/div><div class=\"wpcr3_review_item\"><div class=\"wpcr3_item wpcr3_product\" itemscope itemtype=\"https:\/\/schema.org\/Product\"><meta itemprop=\"name\" content=\"pharaohs reisen\" \/><meta itemprop=\"brand\" content=\"\" \/><meta itemprop=\"productID\" content=\"\" \/><meta itemprop=\"image\" content=\"https:\/\/pharaohsreisen.com\/wp-content\/plugins\/wp-customer-reviews\/css\/1x1.png\" \/><div class=\"wpcr3_dotline\"><\/div><div id=\"wpcr3_id_5292\" class=\"wpcr3_review\" itemprop=\"review\" itemscope itemtype=\"https:\/\/schema.org\/Review\"><div class=\"wpcr3_hide\" itemprop=\"author\" itemscope itemtype=\"https:\/\/schema.org\/Person\"><div itemprop=\"name\">Rgg<\/div><\/div><div class=\"wpcr3_hide\" itemprop=\"reviewRating\" itemscope itemtype=\"https:\/\/schema.org\/Rating\"><meta itemprop=\"bestRating\" content=\"5\" \/><meta itemprop=\"worstRating\" content=\"1\" \/><meta itemprop=\"ratingValue\" content=\"5\" \/><\/div><div class=\"wpcr3_review_ratingValue\"><div class=\"wpcr3_rating_style1\"><div class=\"wpcr3_rating_style1_base\"><div class=\"wpcr3_rating_style1_average\" style=\"width:100%;\"><\/div><\/div><\/div><\/div><div class=\"wpcr3_review_datePublished\" itemprop=\"datePublished\">Dec 15, 2022<\/div><div class=\"wpcr3_review_author\">&nbsp;by&nbsp;<span class=\"wpcr3_caps\">Rgg<\/span>&nbsp;on&nbsp;<span class=\"wpcr3_item_name\"><a href=\"https:\/\/pharaohsreisen.com\/de\/produkt\/mahmya-island\/\">pharaohs reisen<\/a><\/span><\/div><div class=\"wpcr3_clear\"><\/div><div class=\"wpcr3_review_title wpcr3_caps\">Perfect<\/div><div class=\"wpcr3_clear\"><\/div><blockquote class=\"wpcr3_content\" itemprop=\"reviewBody\"><p>Best of the best<\/p><\/blockquote><\/div><\/div><\/div><div class=\"wpcr3_review_item\"><\/div><\/div><\/div><\/div>","protected":false},"excerpt":{"rendered":"<p>Overview Visit with us the beautiful resort of El Gouna. El Gouna was built on the coast of the Red Sea on small islands and is known for his beautiful beaches and reefs. Probably the most beautiful place to stay is the marina with the yachts and his nice cafe&#8217;s and bars. You will sail [&hellip;]<\/p>","protected":false},"featured_media":5054,"comment_status":"closed","ping_status":"closed","template":"","meta":{"om_disable_all_campaigns":false,"_mi_skip_tracking":false,"_monsterinsights_sitenote_active":false,"_monsterinsights_sitenote_note":"","_monsterinsights_sitenote_category":0},"product_cat":[46,45],"product_tag":[92,91,94,93],"class_list":["post-5052","product","type-product","status-publish","has-post-thumbnail","hentry","product_cat-cultural-trips","product_cat-daily-trips","product_tag-city","product_tag-city-tour","product_tag-hurghada","product_tag-tour"],"aioseo_notices":[],"_links":{"self":[{"href":"https:\/\/pharaohsreisen.com\/de\/wp-json\/wp\/v2\/product\/5052","targetHints":{"allow":["GET"]}}],"collection":[{"href":"https:\/\/pharaohsreisen.com\/de\/wp-json\/wp\/v2\/product"}],"about":[{"href":"https:\/\/pharaohsreisen.com\/de\/wp-json\/wp\/v2\/types\/product"}],"replies":[{"embeddable":true,"href":"https:\/\/pharaohsreisen.com\/de\/wp-json\/wp\/v2\/comments?post=5052"}],"wp:featuredmedia":[{"embeddable":true,"href":"https:\/\/pharaohsreisen.com\/de\/wp-json\/wp\/v2\/media\/5054"}],"wp:attachment":[{"href":"https:\/\/pharaohsreisen.com\/de\/wp-json\/wp\/v2\/media?parent=5052"}],"wp:term":[{"taxonomy":"product_cat","embeddable":true,"href":"https:\/\/pharaohsreisen.com\/de\/wp-json\/wp\/v2\/product_cat?post=5052"},{"taxonomy":"product_tag","embeddable":true,"href":"https:\/\/pharaohsreisen.com\/de\/wp-json\/wp\/v2\/product_tag?post=5052"}],"curies":[{"name":"wp","href":"https:\/\/api.w.org\/{rel}","templated":true}]}}