{"id":4964,"date":"2022-11-06T23:06:37","date_gmt":"2022-11-06T23:06:37","guid":{"rendered":"http:\/\/pharaohsreisen.com\/?post_type=product&#038;p=4964"},"modified":"2025-12-08T21:39:47","modified_gmt":"2025-12-08T21:39:47","slug":"horse-camel-riding","status":"publish","type":"product","link":"https:\/\/pharaohsreisen.com\/de\/produkt\/horse-camel-riding\/","title":{"rendered":"Pferd-Kamel-Reiten"},"content":{"rendered":"<h2>\u00dcbersicht<\/h2>\n<div data-track=\"overview\" data-v-682f2170=\"\">\n<section id=\"activity-overview\" class=\"activity-overview\" data-component=\"overview\" data-v-316219c4=\"\" data-v-682f2170=\"\">\n<header class=\"header\">\n<div class=\"texth\">\n<p>Dies ist eines der exotischsten Ziele f\u00fcr Reitausfl\u00fcge in \u00c4gypten, und obendrein ist es auch noch preiswert! Die antike Pferdekultur ist in \u00c4gypten sehr lebendig, und es ist zweifelhaft, dass irgendein Teil der Welt mit ihrem Reichtum mithalten kann.<\/p>\n<p>Die antike Pferdekultur ist in \u00c4gypten sehr lebendig, und es ist zweifelhaft, dass irgendein Teil der Welt mit diesem reichen und breiten Mosaik der Geschichte mithalten kann.<br \/>\nMachen Sie diese Reittour mit den besten Pferden und erfahrenen Trainern.<br \/>\nAu\u00dferdem stehen Ihnen Pferdetrainer zur Verf\u00fcgung, die Sie vor dem Ritt betreuen und Ihnen w\u00e4hrend des Rittes zur Seite stehen.<br \/>\nEin weiteres Muss in Hurghada f\u00fcr Pferdeliebhaber aller Art! Dies ist eine familienfreundliche Aktivit\u00e4t.<\/p>\n<\/div>\n<\/header>\n<h3 class=\"activity-overview__content activity-overview__content--certified\" data-test-id=\"activity-overview-content\"><strong>Tour Highlights<\/strong><\/h3>\n<\/section>\n<\/div>\n<ul>\n<li>Erleben Sie die W\u00fcste (oder W\u00fcste und Strand) auf dem Pferder\u00fccken<\/li>\n<li>Reiten Sie auf einem Kamel, ein einmaliges Erlebnis<\/li>\n<li>Profitieren Sie vom bequemen Hin- und R\u00fccktransport<\/li>\n<\/ul>","protected":false},"excerpt":{"rendered":"<p>Overview This is one of the most exotic destinations for horseback riding in Egypt, and to top it off, it is reasonably priced! The ancient horse culture is very much alive in Egypt, and it is doubtful that any part of the world can match its rich . The ancient horse culture is very much [&hellip;]<\/p>","protected":false},"featured_media":4966,"comment_status":"closed","ping_status":"closed","template":"","meta":{"om_disable_all_campaigns":false,"_mi_skip_tracking":false,"_monsterinsights_sitenote_active":false,"_monsterinsights_sitenote_note":"","_monsterinsights_sitenote_category":0},"product_cat":[45,44],"product_tag":[87,88,89,90,71,73,74,75],"class_list":["post-4964","product","type-product","status-publish","has-post-thumbnail","hentry","product_cat-daily-trips","product_cat-desert-trips","product_tag-camel","product_tag-camel-ride","product_tag-horse","product_tag-horse-ride","product_tag-quad-bike","product_tag-quad-hurghada","product_tag-safari","product_tag-super-safari"],"aioseo_notices":[],"_links":{"self":[{"href":"https:\/\/pharaohsreisen.com\/de\/wp-json\/wp\/v2\/product\/4964","targetHints":{"allow":["GET"]}}],"collection":[{"href":"https:\/\/pharaohsreisen.com\/de\/wp-json\/wp\/v2\/product"}],"about":[{"href":"https:\/\/pharaohsreisen.com\/de\/wp-json\/wp\/v2\/types\/product"}],"replies":[{"embeddable":true,"href":"https:\/\/pharaohsreisen.com\/de\/wp-json\/wp\/v2\/comments?post=4964"}],"wp:featuredmedia":[{"embeddable":true,"href":"https:\/\/pharaohsreisen.com\/de\/wp-json\/wp\/v2\/media\/4966"}],"wp:attachment":[{"href":"https:\/\/pharaohsreisen.com\/de\/wp-json\/wp\/v2\/media?parent=4964"}],"wp:term":[{"taxonomy":"product_cat","embeddable":true,"href":"https:\/\/pharaohsreisen.com\/de\/wp-json\/wp\/v2\/product_cat?post=4964"},{"taxonomy":"product_tag","embeddable":true,"href":"https:\/\/pharaohsreisen.com\/de\/wp-json\/wp\/v2\/product_tag?post=4964"}],"curies":[{"name":"wp","href":"https:\/\/api.w.org\/{rel}","templated":true}]}}