{"id":4941,"date":"2022-11-05T23:13:04","date_gmt":"2022-11-05T23:13:04","guid":{"rendered":"http:\/\/pharaohsreisen.com\/?post_type=product&#038;p=4941"},"modified":"2025-12-08T21:40:25","modified_gmt":"2025-12-08T21:40:25","slug":"buggy-spider-car","status":"publish","type":"product","link":"https:\/\/pharaohsreisen.com\/de\/produkt\/buggy-spider-car\/","title":{"rendered":"Buggy-Spider Car"},"content":{"rendered":"<h2>\u00dcbersicht<\/h2>\n<div data-track=\"overview\" data-v-682f2170=\"\">\n<section id=\"activity-overview\" class=\"activity-overview\" data-component=\"overview\" data-v-316219c4=\"\" data-v-682f2170=\"\">\n<header class=\"header\">\n<div class=\"texth\">\n<p>Die \u00e4gyptische W\u00fcste fasziniert Urlauber aus vielen L\u00e4ndern und hat so viel zu bieten. Erleben Sie die grenzenlose W\u00fcste mit einem Land Cruiser, fahren Sie Quad-Bike und Spider-Buggy. Genie\u00dfen Sie ein wunderbares Geschwindigkeitserlebnis und entdecken Sie die grenzenlose W\u00fcste. Lernen Sie das au\u00dfergew\u00f6hnliche Leben der Beduinen kennen. Reiten Sie auf einem freundlichen Kamel durch die spektakul\u00e4re W\u00fcstenlandschaft.<\/p>\n<p>Dieses Abenteuer durch die W\u00fcste ist auch bei Tageslicht ein unvergessliches Erlebnis. Ein Land Cruiser holt Sie von Ihrem Hotel in Hurghada ab und bringt Sie in die W\u00fcste.<\/p>\n<p>Sie haben die M\u00f6glichkeit, eine aufregende Sportart auszuprobieren - Quad-Biking durch die endlosen W\u00fcstenlandschaften. Erleben Sie die unber\u00fchrte Landschaft der Sahara auf einer erlebnisreichen Quad-Fahrt. Wenn Sie eine Pause vom Fahren einlegen m\u00f6chten, k\u00f6nnen Sie auch verschiedene Aktivit\u00e4ten in der W\u00fcste ausprobieren. Fahren Sie mit dem Spider-Buggy und versuchen Sie, die D\u00fcnenh\u00e4nge hinunterzufahren, als ob der Sand Wasser w\u00e4re.<\/p>\n<p>Anschlie\u00dfend werden Sie in ein Beduinendorf in der W\u00fcste gebracht, wo Sie die M\u00f6glichkeit haben, auf einem Kamel zu reiten. Erkunden Sie das traditionelle Beduinendorf und erfahren Sie von Ihrem fachkundigen F\u00fchrer mehr \u00fcber die lokale Kultur. Auf dieser aufregenden W\u00fcstensafari gibt es mehrere Stopps f\u00fcr Fotoshootings, damit Sie Ihre unvergesslichen Erinnerungen festhalten und mit nach Hause nehmen k\u00f6nnen.<\/p>\n<p>G\u00f6nnen Sie sich eine Pause in der Natur oder ziehen Sie an der Wasserpfeife, w\u00e4hrend Sie sich auf das Grillabendessen freuen. Bestaunen Sie den atemberaubenden Sonnenuntergang und genie\u00dfen Sie anschlie\u00dfend ein traditionelles Abendbuffet mit lokalen Gerichten. Dann erleben Sie den H\u00f6hepunkt der W\u00fcstensafari: eine wunderbare orientalische Show und einen sanften Tanoura-Tanz.<\/p>\n<p>&nbsp;<\/p>\n<\/div>\n<\/header>\n<h3 class=\"activity-overview__content activity-overview__content--certified\" data-test-id=\"activity-overview-content\"><strong>Tour Highlights<\/strong><\/h3>\n<\/section>\n<\/div>\n<ul>\n<li>Ein adrenalingeladenes W\u00fcstenabenteuer mit Quad, Spider Buggy, Jeep und Kamel<\/li>\n<li>Gelegenheit zur Entdeckung versteckter Gebiete im offenen Gel\u00e4nde um Hurghada<\/li>\n<li>Erleben Sie den Zauber der Sahara bei Sonnenuntergang auf dieser au\u00dfergew\u00f6hnlichen W\u00fcstensafari<\/li>\n<li>Kulturelle Erlebnisse mit Volksmusik und einer orientalischen Show<\/li>\n<li>Genie\u00dfen Sie ein BBQ-Abendessen mit traditioneller \u00e4gyptischer K\u00fcche<\/li>\n<\/ul>","protected":false},"excerpt":{"rendered":"<p>Overview The Egyptian desert fascinates vacationers from many countries and it has so much to offer. Experience the boundless desert with a Land Cruiser, drive a quad bike and spider buggy. Enjoy a wonderful speed experience and discover the boundless desert. Get to know the extraordinary life of the Bedouin. Ride a friendly camel through [&hellip;]<\/p>","protected":false},"featured_media":4943,"comment_status":"closed","ping_status":"closed","template":"","meta":{"om_disable_all_campaigns":false,"_mi_skip_tracking":false,"_monsterinsights_sitenote_active":false,"_monsterinsights_sitenote_note":"","_monsterinsights_sitenote_category":0},"product_cat":[45,44],"product_tag":[85,71,73,74,86,75],"class_list":["post-4941","product","type-product","status-publish","has-post-thumbnail","hentry","product_cat-daily-trips","product_cat-desert-trips","product_tag-buggy","product_tag-quad-bike","product_tag-quad-hurghada","product_tag-safari","product_tag-spider","product_tag-super-safari"],"aioseo_notices":[],"_links":{"self":[{"href":"https:\/\/pharaohsreisen.com\/de\/wp-json\/wp\/v2\/product\/4941","targetHints":{"allow":["GET"]}}],"collection":[{"href":"https:\/\/pharaohsreisen.com\/de\/wp-json\/wp\/v2\/product"}],"about":[{"href":"https:\/\/pharaohsreisen.com\/de\/wp-json\/wp\/v2\/types\/product"}],"replies":[{"embeddable":true,"href":"https:\/\/pharaohsreisen.com\/de\/wp-json\/wp\/v2\/comments?post=4941"}],"wp:featuredmedia":[{"embeddable":true,"href":"https:\/\/pharaohsreisen.com\/de\/wp-json\/wp\/v2\/media\/4943"}],"wp:attachment":[{"href":"https:\/\/pharaohsreisen.com\/de\/wp-json\/wp\/v2\/media?parent=4941"}],"wp:term":[{"taxonomy":"product_cat","embeddable":true,"href":"https:\/\/pharaohsreisen.com\/de\/wp-json\/wp\/v2\/product_cat?post=4941"},{"taxonomy":"product_tag","embeddable":true,"href":"https:\/\/pharaohsreisen.com\/de\/wp-json\/wp\/v2\/product_tag?post=4941"}],"curies":[{"name":"wp","href":"https:\/\/api.w.org\/{rel}","templated":true}]}}