{"id":4826,"date":"2022-11-03T23:50:53","date_gmt":"2022-11-03T23:50:53","guid":{"rendered":"http:\/\/pharaohsreisen.com\/?post_type=product&#038;p=4826"},"modified":"2025-12-08T21:41:00","modified_gmt":"2025-12-08T21:41:00","slug":"diving","status":"publish","type":"product","link":"https:\/\/pharaohsreisen.com\/de\/produkt\/diving\/","title":{"rendered":"Tauchen"},"content":{"rendered":"<h2>\u00dcbersicht<\/h2>\n<div data-track=\"overview\" data-v-682f2170=\"\">\n<section id=\"activity-overview\" class=\"activity-overview\" data-component=\"overview\" data-v-316219c4=\"\" data-v-682f2170=\"\">Erkunden Sie die Sch\u00f6nheit der Unterwasserwelt beim Tauchen oder Schnorcheln. Wenn Sie Anf\u00e4nger sind oder noch nie getaucht haben, lassen Sie sich von unseren Tauchlehrern das Erlebnis nicht entgehen. Essen Sie w\u00e4hrend des Ausflugs an Deck zu Mittag.<\/p>\n<h3 class=\"activity-overview__content activity-overview__content--certified\" data-test-id=\"activity-overview-content\"><strong>Tour Highlights<\/strong><\/h3>\n<\/section>\n<\/div>\n<ul>\n<li>Genie\u00dfen Sie die fantastische Unterwasserwelt in entspannter Atmosph\u00e4re bei einem Tauchausflug<\/li>\n<li>Entdecken Sie die Vielfalt der Fischarten und die wundersch\u00f6nen Korallenriffe<\/li>\n<li>Erkunden Sie die Sch\u00f6nheit des Meeres in Begleitung von erfahrenen Tauchf\u00fchrern<\/li>\n<li>Tauchen oder Schnorcheln an 2 verschiedenen Orten auf einem 6-7-st\u00fcndigen Ausflug<\/li>\n<li>Genie\u00dfen Sie das Mittagessen und unbegrenzte alkoholfreie und hei\u00dfe Getr\u00e4nke an Bord<\/li>\n<\/ul>","protected":false},"excerpt":{"rendered":"<p>Overview Explore the beauty of the underwater world by diving or snorkeling. If you are a beginner or have never dived, our instructors will let you enjoy the experience. Have lunch on deck during the trip. Tour Highlights Enjoy the fantastic underwater world in a relaxed atmosphere on a dive trip Discover the diversity of [&hellip;]<\/p>","protected":false},"featured_media":4827,"comment_status":"closed","ping_status":"closed","template":"","meta":{"om_disable_all_campaigns":false,"_mi_skip_tracking":false,"_monsterinsights_sitenote_active":false,"_monsterinsights_sitenote_note":"","_monsterinsights_sitenote_category":0},"product_cat":[45,43],"product_tag":[81,82,66,62,67],"class_list":["post-4826","product","type-product","status-publish","has-post-thumbnail","hentry","product_cat-daily-trips","product_cat-sea-trips","product_tag-diving","product_tag-diving-world","product_tag-giftun-island","product_tag-orange-bay","product_tag-orange-island"],"aioseo_notices":[],"_links":{"self":[{"href":"https:\/\/pharaohsreisen.com\/de\/wp-json\/wp\/v2\/product\/4826","targetHints":{"allow":["GET"]}}],"collection":[{"href":"https:\/\/pharaohsreisen.com\/de\/wp-json\/wp\/v2\/product"}],"about":[{"href":"https:\/\/pharaohsreisen.com\/de\/wp-json\/wp\/v2\/types\/product"}],"replies":[{"embeddable":true,"href":"https:\/\/pharaohsreisen.com\/de\/wp-json\/wp\/v2\/comments?post=4826"}],"wp:featuredmedia":[{"embeddable":true,"href":"https:\/\/pharaohsreisen.com\/de\/wp-json\/wp\/v2\/media\/4827"}],"wp:attachment":[{"href":"https:\/\/pharaohsreisen.com\/de\/wp-json\/wp\/v2\/media?parent=4826"}],"wp:term":[{"taxonomy":"product_cat","embeddable":true,"href":"https:\/\/pharaohsreisen.com\/de\/wp-json\/wp\/v2\/product_cat?post=4826"},{"taxonomy":"product_tag","embeddable":true,"href":"https:\/\/pharaohsreisen.com\/de\/wp-json\/wp\/v2\/product_tag?post=4826"}],"curies":[{"name":"wp","href":"https:\/\/api.w.org\/{rel}","templated":true}]}}