{"id":4805,"date":"2022-11-03T22:42:10","date_gmt":"2022-11-03T22:42:10","guid":{"rendered":"http:\/\/pharaohsreisen.com\/?post_type=product&#038;p=4805"},"modified":"2025-12-08T21:41:39","modified_gmt":"2025-12-08T21:41:39","slug":"paradise-island","status":"publish","type":"product","link":"https:\/\/pharaohsreisen.com\/de\/produkt\/paradise-island\/","title":{"rendered":"Paradiesinsel"},"content":{"rendered":"<h2>\u00dcbersicht<\/h2>\n<div data-track=\"overview\" data-v-682f2170=\"\">\n<section id=\"activity-overview\" class=\"activity-overview\" data-component=\"overview\" data-v-316219c4=\"\" data-v-682f2170=\"\">Verbringen Sie den ganzen Tag auf der wundersch\u00f6nen Paradiesinsel, die \u00f6stlich von Hurghada liegt. Genie\u00dfen Sie Schnorcheln rund um die Riffe der Paradiesinsel, und weiterhin den Tag am Strand der Insel mit offenem Buffet-Restaurant in der besten Aussicht, die Sie jemals in Hurghada bekommen k\u00f6nnen. Die Seereise beginnt um 9 Uhr morgens mit 2 Schnorchelstopps an verschiedenen Riffen rund um die Paradiesinsel und Giftun, die mit verschiedenen Arten von Fischen, Meeresschildkr\u00f6ten und Morena bev\u00f6lkert sind.<\/p>\n<h3 class=\"activity-overview__content activity-overview__content--certified\" data-test-id=\"activity-overview-content\"><strong>Tour Highlights<\/strong><\/h3>\n<\/section>\n<\/div>\n<ul>\n<li>Abholzeit vom Hotel in Hurghada<\/li>\n<li>Genie\u00dfen Sie einen ganzen Tag auf der Insel<\/li>\n<li>Halt f\u00fcr ein 1-st\u00fcndiges Schnorchelabenteuer<\/li>\n<li>Genie\u00dfen Sie das Mittagessen auf dem Boot<\/li>\n<li>Nehmen Sie an einigen Wassersportarten teil<\/li>\n<\/ul>\n<h3 class=\"activity-overview__content activity-overview__content--certified\" data-test-id=\"activity-overview-content\"><strong>Private Tour<\/strong><\/h3>\n<div class=\"YmElR _T\">\n<div class=\"qgcDG\">\n<div class=\"biGQs _P pZUbB Whbsa KxBGd\">Genie\u00dfen Sie eine private Reise mit einem sch\u00f6nen Schnellboot in einer halbprivaten Reise, maximal 5 Personen, Sie m\u00fcssen nicht mit einem gro\u00dfen Boot zu Paradise Island gehen Sie leicht auf dem Wasser mit einer kleinen Gruppe mit Ihnen zu bewegen, um die beste Art und Weise genie\u00dfen Sie k\u00f6nnen, ohne zu zahlen private Boot Rate, verbringen zwei Stunden auf Paradise Island und Schnorcheln an den sch\u00f6nsten Korallen Standorten.<\/div>\n<div>\n<div class=\"col-md-6\">\n<p class=\"describe-medium-sub gray-light\">\n<\/div>\n<div class=\"col-md-6\"><img loading=\"lazy\" decoding=\"async\" class=\"alignnone size-medium wp-image-5258\" src=\"http:\/\/pharaohsreisen.com\/wp-content\/uploads\/2022\/11\/d1-300x200.jpg\" alt=\"\" width=\"300\" height=\"200\" srcset=\"https:\/\/pharaohsreisen.com\/wp-content\/uploads\/2022\/11\/d1-300x200.jpg 300w, https:\/\/pharaohsreisen.com\/wp-content\/uploads\/2022\/11\/d1-18x12.jpg 18w, https:\/\/pharaohsreisen.com\/wp-content\/uploads\/2022\/11\/d1-636x426.jpg 636w, https:\/\/pharaohsreisen.com\/wp-content\/uploads\/2022\/11\/d1-600x400.jpg 600w, https:\/\/pharaohsreisen.com\/wp-content\/uploads\/2022\/11\/d1.jpg 720w\" sizes=\"auto, (max-width: 300px) 100vw, 300px\" \/> <img loading=\"lazy\" decoding=\"async\" class=\"alignnone size-medium wp-image-5259\" src=\"http:\/\/pharaohsreisen.com\/wp-content\/uploads\/2022\/11\/aa-1-300x200.jpg\" alt=\"\" width=\"300\" height=\"200\" srcset=\"https:\/\/pharaohsreisen.com\/wp-content\/uploads\/2022\/11\/aa-1-300x200.jpg 300w, https:\/\/pharaohsreisen.com\/wp-content\/uploads\/2022\/11\/aa-1-18x12.jpg 18w, https:\/\/pharaohsreisen.com\/wp-content\/uploads\/2022\/11\/aa-1-636x426.jpg 636w, https:\/\/pharaohsreisen.com\/wp-content\/uploads\/2022\/11\/aa-1-600x400.jpg 600w, https:\/\/pharaohsreisen.com\/wp-content\/uploads\/2022\/11\/aa-1.jpg 720w\" sizes=\"auto, (max-width: 300px) 100vw, 300px\" \/> <img loading=\"lazy\" decoding=\"async\" class=\"alignnone size-medium wp-image-5260\" src=\"http:\/\/pharaohsreisen.com\/wp-content\/uploads\/2022\/11\/0f-1-300x200.jpg\" alt=\"\" width=\"300\" height=\"200\" srcset=\"https:\/\/pharaohsreisen.com\/wp-content\/uploads\/2022\/11\/0f-1-300x200.jpg 300w, https:\/\/pharaohsreisen.com\/wp-content\/uploads\/2022\/11\/0f-1-18x12.jpg 18w, https:\/\/pharaohsreisen.com\/wp-content\/uploads\/2022\/11\/0f-1-636x426.jpg 636w, https:\/\/pharaohsreisen.com\/wp-content\/uploads\/2022\/11\/0f-1-600x400.jpg 600w, https:\/\/pharaohsreisen.com\/wp-content\/uploads\/2022\/11\/0f-1.jpg 720w\" sizes=\"auto, (max-width: 300px) 100vw, 300px\" \/> <img loading=\"lazy\" decoding=\"async\" class=\"alignnone size-medium wp-image-5261\" src=\"http:\/\/pharaohsreisen.com\/wp-content\/uploads\/2022\/11\/screenshot-20201003-091527-300x200.jpg\" alt=\"\" width=\"300\" height=\"200\" srcset=\"https:\/\/pharaohsreisen.com\/wp-content\/uploads\/2022\/11\/screenshot-20201003-091527-300x200.jpg 300w, https:\/\/pharaohsreisen.com\/wp-content\/uploads\/2022\/11\/screenshot-20201003-091527-1024x683.jpg 1024w, https:\/\/pharaohsreisen.com\/wp-content\/uploads\/2022\/11\/screenshot-20201003-091527-768x512.jpg 768w, https:\/\/pharaohsreisen.com\/wp-content\/uploads\/2022\/11\/screenshot-20201003-091527-18x12.jpg 18w, https:\/\/pharaohsreisen.com\/wp-content\/uploads\/2022\/11\/screenshot-20201003-091527-636x426.jpg 636w, https:\/\/pharaohsreisen.com\/wp-content\/uploads\/2022\/11\/screenshot-20201003-091527-600x400.jpg 600w, https:\/\/pharaohsreisen.com\/wp-content\/uploads\/2022\/11\/screenshot-20201003-091527.jpg 1080w\" sizes=\"auto, (max-width: 300px) 100vw, 300px\" \/> <img loading=\"lazy\" decoding=\"async\" class=\"alignnone size-medium wp-image-5262\" src=\"http:\/\/pharaohsreisen.com\/wp-content\/uploads\/2022\/11\/img-20201005-wa0185-largejpg-300x225.jpg\" alt=\"\" width=\"300\" height=\"225\" srcset=\"https:\/\/pharaohsreisen.com\/wp-content\/uploads\/2022\/11\/img-20201005-wa0185-largejpg-300x225.jpg 300w, https:\/\/pharaohsreisen.com\/wp-content\/uploads\/2022\/11\/img-20201005-wa0185-largejpg-1024x766.jpg 1024w, https:\/\/pharaohsreisen.com\/wp-content\/uploads\/2022\/11\/img-20201005-wa0185-largejpg-768x575.jpg 768w, https:\/\/pharaohsreisen.com\/wp-content\/uploads\/2022\/11\/img-20201005-wa0185-largejpg-16x12.jpg 16w, https:\/\/pharaohsreisen.com\/wp-content\/uploads\/2022\/11\/img-20201005-wa0185-largejpg-600x449.jpg 600w, https:\/\/pharaohsreisen.com\/wp-content\/uploads\/2022\/11\/img-20201005-wa0185-largejpg.jpg 1200w\" sizes=\"auto, (max-width: 300px) 100vw, 300px\" \/> <img loading=\"lazy\" decoding=\"async\" class=\"alignnone size-medium wp-image-5263\" src=\"http:\/\/pharaohsreisen.com\/wp-content\/uploads\/2022\/11\/20201006-101105-largejpg-300x202.jpg\" alt=\"\" width=\"300\" height=\"202\" srcset=\"https:\/\/pharaohsreisen.com\/wp-content\/uploads\/2022\/11\/20201006-101105-largejpg-300x202.jpg 300w, https:\/\/pharaohsreisen.com\/wp-content\/uploads\/2022\/11\/20201006-101105-largejpg-1024x690.jpg 1024w, https:\/\/pharaohsreisen.com\/wp-content\/uploads\/2022\/11\/20201006-101105-largejpg-768x518.jpg 768w, https:\/\/pharaohsreisen.com\/wp-content\/uploads\/2022\/11\/20201006-101105-largejpg-18x12.jpg 18w, https:\/\/pharaohsreisen.com\/wp-content\/uploads\/2022\/11\/20201006-101105-largejpg-416x280.jpg 416w, https:\/\/pharaohsreisen.com\/wp-content\/uploads\/2022\/11\/20201006-101105-largejpg-636x426.jpg 636w, https:\/\/pharaohsreisen.com\/wp-content\/uploads\/2022\/11\/20201006-101105-largejpg-600x404.jpg 600w, https:\/\/pharaohsreisen.com\/wp-content\/uploads\/2022\/11\/20201006-101105-largejpg.jpg 1080w\" sizes=\"auto, (max-width: 300px) 100vw, 300px\" \/><\/div>\n<div><\/div>\n<div>\n<table id=\"tablepress-4\" class=\"tablepress tablepress-id-4\">\n<thead>\n<tr class=\"row-1 odd\">\n\t<th class=\"column-1\">Anzahl der Personen<br \/>\n<\/th><th class=\"column-2\">Private Boat<\/th><th class=\"column-3\">Preis<br \/>\n<\/th>\n<\/tr>\n<\/thead>\n<tbody class=\"row-hover\">\n<tr class=\"row-2 even\">\n\t<td class=\"column-1\">Private Gruppe 2 Personen<br \/>\n<\/td><td class=\"column-2\">Private Boat<\/td><td class=\"column-3\">104 Euro pro Person<br \/>\n<\/td>\n<\/tr>\n<tr class=\"row-3 odd\">\n\t<td class=\"column-1\">Private Gruppe 3 Personen<br \/>\n<\/td><td class=\"column-2\">Private Boat<\/td><td class=\"column-3\">74 Euro pro Person<br \/>\n<\/td>\n<\/tr>\n<tr class=\"row-4 even\">\n\t<td class=\"column-1\">Private Gruppe 4 Personen<br \/>\n<\/td><td class=\"column-2\">Private Boat<\/td><td class=\"column-3\">68 Euro pro Person<\/td>\n<\/tr>\n<tr class=\"row-5 odd\">\n\t<td class=\"column-1\">Private Gruppe 5 Personen<\/td><td class=\"column-2\">Private Boat<\/td><td class=\"column-3\">58 Euro pro Person<\/td>\n<\/tr>\n<\/tbody>\n<\/table>\n<!-- #tablepress-4 from cache --><\/div>\n<div><\/div>\n<\/div>\n<\/div>\n<\/div>","protected":false},"excerpt":{"rendered":"<p>Overview Spend all day in amazing Sea trip to the wonderful Paradise Island located east of Hurghada shores. Enjoy snorkeling around the reefs of paradise island, and continue the day use on the beach of the island with open buffet restaurant in the best view you can ever get in Hurghada. Sea trip starts 9 [&hellip;]<\/p>","protected":false},"featured_media":4806,"comment_status":"closed","ping_status":"closed","template":"","meta":{"om_disable_all_campaigns":false,"_mi_skip_tracking":false,"_monsterinsights_sitenote_active":false,"_monsterinsights_sitenote_note":"","_monsterinsights_sitenote_category":0},"product_cat":[45,43],"product_tag":[65,63,62,76,77],"class_list":["post-4805","product","type-product","status-publish","has-post-thumbnail","hentry","product_cat-daily-trips","product_cat-sea-trips","product_tag-giftun","product_tag-orange","product_tag-orange-bay","product_tag-paradise","product_tag-paradise-island"],"aioseo_notices":[],"_links":{"self":[{"href":"https:\/\/pharaohsreisen.com\/de\/wp-json\/wp\/v2\/product\/4805","targetHints":{"allow":["GET"]}}],"collection":[{"href":"https:\/\/pharaohsreisen.com\/de\/wp-json\/wp\/v2\/product"}],"about":[{"href":"https:\/\/pharaohsreisen.com\/de\/wp-json\/wp\/v2\/types\/product"}],"replies":[{"embeddable":true,"href":"https:\/\/pharaohsreisen.com\/de\/wp-json\/wp\/v2\/comments?post=4805"}],"wp:featuredmedia":[{"embeddable":true,"href":"https:\/\/pharaohsreisen.com\/de\/wp-json\/wp\/v2\/media\/4806"}],"wp:attachment":[{"href":"https:\/\/pharaohsreisen.com\/de\/wp-json\/wp\/v2\/media?parent=4805"}],"wp:term":[{"taxonomy":"product_cat","embeddable":true,"href":"https:\/\/pharaohsreisen.com\/de\/wp-json\/wp\/v2\/product_cat?post=4805"},{"taxonomy":"product_tag","embeddable":true,"href":"https:\/\/pharaohsreisen.com\/de\/wp-json\/wp\/v2\/product_tag?post=4805"}],"curies":[{"name":"wp","href":"https:\/\/api.w.org\/{rel}","templated":true}]}}