{"id":4641,"date":"2022-11-01T22:57:05","date_gmt":"2022-11-01T22:57:05","guid":{"rendered":"http:\/\/pharaohsreisen.com\/?post_type=product&#038;p=4641"},"modified":"2025-12-08T21:43:30","modified_gmt":"2025-12-08T21:43:30","slug":"cairo-one-day","status":"publish","type":"product","link":"https:\/\/pharaohsreisen.com\/de\/produkt\/cairo-one-day\/","title":{"rendered":"Kairo tags\u00fcber"},"content":{"rendered":"<h5>\n<table id=\"tablepress-1\" class=\"tablepress tablepress-id-1\">\n<thead>\n<tr class=\"row-1 odd\">\n\t<th class=\"column-1\">Anzahl der Personen<br \/>\n<\/th><th class=\"column-2\">Fahrzeug<br \/>\n<\/th><th class=\"column-3\">Preis<br \/>\n<\/th>\n<\/tr>\n<\/thead>\n<tbody class=\"row-hover\">\n<tr class=\"row-2 even\">\n\t<td class=\"column-1\">Private Gruppe 1-2 Personen<br \/>\n<\/td><td class=\"column-2\">LIMO<br \/>\n<\/td><td class=\"column-3\">199 Euro<br \/>\n<\/td>\n<\/tr>\n<tr class=\"row-3 odd\">\n\t<td class=\"column-1\">Private Gruppe 3-4 Personen<br \/>\n<\/td><td class=\"column-2\">MINI BUS<br \/>\n<\/td><td class=\"column-3\">179 Euro<br \/>\n<\/td>\n<\/tr>\n<tr class=\"row-4 even\">\n\t<td class=\"column-1\">Private Gruppe 5-6 Personen<br \/>\n<\/td><td class=\"column-2\">MINI BUS<br \/>\n<\/td><td class=\"column-3\">159 Euro<br \/>\n<\/td>\n<\/tr>\n<\/tbody>\n<\/table>\n<!-- #tablepress-1 from cache --><\/h5>\n<h2>\u00dcbersicht<\/h2>\n<div data-track=\"overview\" data-v-682f2170=\"\">\n<section id=\"activity-overview\" class=\"activity-overview\" data-component=\"overview\" data-v-316219c4=\"\" data-v-682f2170=\"\">\n<p class=\"activity-overview__content activity-overview__content--certified\" data-test-id=\"activity-overview-content\" data-v-316219c4=\"\">Besuchen Sie Kairo, die Hauptstadt \u00c4gyptens, die Pyramiden von Gizeh und segeln Sie \u00fcber den Nil. Sie k\u00f6nnen die Pyramiden von Gizeh, das \u00c4gyptische Museum mit den Sch\u00e4tzen des K\u00f6nigs Tutanchamun und den alten Basar Khan el Khalil in einem Tagesausflug mit dem Bus oder Flug von Hurghada aus besuchen. Wenn Sie mehr \u00fcber die gr\u00f6\u00dfte arabische Stadt erfahren m\u00f6chten, k\u00f6nnen Sie sich f\u00fcr einen zweit\u00e4gigen Ausflug mit \u00dcbernachtung bei den Meridiens Pyramiden entscheiden, \u00d6ffnen Sie Ihr Hotelfenster und sehen Sie die Pyramiden von Gizeh, die Sphinx, m\u00f6chten Sie mehr Tage in Kairo bleiben, besuchen Sie Memphis, Sakkara, Dahshour, Meiduoum, Fayoum, Alexandria k\u00f6nnen wir Ihnen mit allen Touren nach Kairo von Hurghada helfen.<\/p>\n<\/section>\n<\/div>\n<div data-track=\"key-details\" data-v-682f2170=\"\">\n<div data-track=\"overview\" data-v-682f2170=\"\">\n<section id=\"activity-overview\" class=\"activity-overview\" data-component=\"overview\" data-v-316219c4=\"\" data-v-682f2170=\"\">\n<div data-track=\"overview\" data-v-48163eac=\"\">\n<section id=\"activity-overview\" class=\"activity-overview activity-overview--certified\" data-component=\"overview\" data-v-316219c4=\"\" data-v-48163eac=\"\">\n<p class=\"activity-overview__content activity-overview__content--certified\" data-test-id=\"activity-overview-content\" data-v-316219c4=\"\"><strong>Erkunden Sie \u00c4gyptens Hauptstadt auf einer ganzt\u00e4gigen Tour durch Kairo und das Gizeh-Plateau. Besuchen Sie die Gro\u00dfen Pyramiden von Gizeh, besichtigen Sie Antiquit\u00e4ten im \u00c4gyptischen Museum und erfahren Sie mehr \u00fcber die Geschichte von Ihrem \u00f6rtlichen Reiseleiter.<\/strong><\/p>\n<p data-test-id=\"activity-overview-content\" data-v-316219c4=\"\"><strong>Nur weil Sie in Hurghada sind, m\u00fcssen Sie nicht auf die antiken Highlights von Kairo verzichten. Diese Bustour entf\u00fchrt Sie f\u00fcr einen Tag vom Urlaubsort in die \u00e4gyptische Hauptstadt. Bestaunen Sie die Pyramiden von Gizeh, die Sphinx und Tausende von Artefakten, wie die goldene Maske von K\u00f6nig Tut, im \u00c4gyptischen Museum. Ein leckeres Mittagessen und ein Bummel \u00fcber den \u00f6rtlichen Basar sind ebenfalls inbegriffen.<\/strong><\/p>\n<\/section>\n<\/div>\n<\/section>\n<\/div>\n<\/div>\n<div class=\"tour-include\"><\/div>\n<p>Tour Highlights<\/p>\n<ul>\n<li>Ganzt\u00e4giger Ausflug nach Kairo ab Hurghada<\/li>\n<li>Besichtigung der wichtigsten Sehensw\u00fcrdigkeiten mit einem Reisef\u00fchrer<\/li>\n<li>\u00a0die Gro\u00dfe Pyramide von Gizeh<\/li>\n<li>Besichtigung des \u00c4gyptischen Museum<\/li>\n<li>Genie\u00dfen Sie einen Panoramablick auf die 3 Pyramiden von Gizeh<\/li>\n<li>Abholung und R\u00fcckgabe an Hotels in Hurghada<\/li>\n<li>Inklusive aller Eintrittgeb\u00fchren und Mittagessen<\/li>\n<\/ul>\n<p>&nbsp;<\/p>","protected":false},"excerpt":{"rendered":"<p>Overview Visit Cairo the capital of Egypt, Visit Giza Pyramids, Sail over the Nile. You can Visit the Pyramids of Giza ,the Egyptian Museum with the treasures of the King Tutankhamun and the old bazaar Khan el khalil in One day Excursion by Bus or Flight from Hurghada If you would like to know more [&hellip;]<\/p>","protected":false},"featured_media":4605,"comment_status":"closed","ping_status":"closed","template":"","meta":{"om_disable_all_campaigns":false,"_mi_skip_tracking":false,"_monsterinsights_sitenote_active":false,"_monsterinsights_sitenote_note":"","_monsterinsights_sitenote_category":0},"product_cat":[46,45],"product_tag":[56,57,58,59],"class_list":["post-4641","product","type-product","status-publish","has-post-thumbnail","hentry","product_cat-cultural-trips","product_cat-daily-trips","product_tag-cairo","product_tag-cairo-trip","product_tag-pyramids","product_tag-sphinx"],"aioseo_notices":[],"_links":{"self":[{"href":"https:\/\/pharaohsreisen.com\/de\/wp-json\/wp\/v2\/product\/4641","targetHints":{"allow":["GET"]}}],"collection":[{"href":"https:\/\/pharaohsreisen.com\/de\/wp-json\/wp\/v2\/product"}],"about":[{"href":"https:\/\/pharaohsreisen.com\/de\/wp-json\/wp\/v2\/types\/product"}],"replies":[{"embeddable":true,"href":"https:\/\/pharaohsreisen.com\/de\/wp-json\/wp\/v2\/comments?post=4641"}],"wp:featuredmedia":[{"embeddable":true,"href":"https:\/\/pharaohsreisen.com\/de\/wp-json\/wp\/v2\/media\/4605"}],"wp:attachment":[{"href":"https:\/\/pharaohsreisen.com\/de\/wp-json\/wp\/v2\/media?parent=4641"}],"wp:term":[{"taxonomy":"product_cat","embeddable":true,"href":"https:\/\/pharaohsreisen.com\/de\/wp-json\/wp\/v2\/product_cat?post=4641"},{"taxonomy":"product_tag","embeddable":true,"href":"https:\/\/pharaohsreisen.com\/de\/wp-json\/wp\/v2\/product_tag?post=4641"}],"curies":[{"name":"wp","href":"https:\/\/api.w.org\/{rel}","templated":true}]}}