{"id":4609,"date":"2022-11-01T21:25:03","date_gmt":"2022-11-01T21:25:03","guid":{"rendered":"http:\/\/pharaohsreisen.com\/?post_type=product&#038;p=4609"},"modified":"2025-12-08T21:43:44","modified_gmt":"2025-12-08T21:43:44","slug":"aswan-one-day","status":"publish","type":"product","link":"https:\/\/pharaohsreisen.com\/de\/produkt\/aswan-one-day\/","title":{"rendered":"Assuan-Tagestour"},"content":{"rendered":"<h2>\u00dcbersicht<\/h2>\n<div data-track=\"overview\" data-v-682f2170=\"\">\n<section id=\"activity-overview\" class=\"activity-overview\" data-component=\"overview\" data-v-316219c4=\"\" data-v-682f2170=\"\">Entdecken Sie die nubische Kultur auf einer privaten Tagestour nach Assuan mit einem \u00e4gyptologischen F\u00fchrer. Besuchen Sie den Assuan-Hochdamm, den Tempel von Philae und den unvollendeten Obelisken. Genie\u00dfen Sie ein Mittagessen in einem lokalen Restaurant und lassen Sie sich vom Hotel abholen und zur\u00fcckbringen.<\/section>\n<\/div>\n<div data-track=\"key-details\" data-v-682f2170=\"\"><\/div>\n<div class=\"tour-include\"><\/div>\n<p>Tour Highlights<\/p>\n<ul>\n<li>Ganzt\u00e4giger Ausflug nach Assuan ab Hurghada<\/li>\n<li>Besichtigung der wichtigsten Sehensw\u00fcrdigkeiten mit einem Reisef\u00fchrer<\/li>\n<li>Besichtigung der Tempel von Philae<\/li>\n<li>Besuch des Hochdamms und des unvollendeten Obelisken<\/li>\n<li>Abholung und R\u00fcckgabe an Hotels in Hurghada<\/li>\n<li>Inklusive aller Eintrittgeb\u00fchren und Mittagessen<\/li>\n<\/ul>\n<div data-wpcr3-content=\"4609\"><div class='wpcr3_respond_1 wpcr3_in_content' data-ajaxurl='[\"https:||pharaohsreisen\",\"com|wp-admin|admin-ajax\",\"php?action=wpcr3-ajax\"]' data-on-postid='4609'data-postid='4609'><div class=\"wpcr3_respond_2\"><div class=\"wpcr3_div_2\"><table class=\"wpcr3_table_2\"><tbody><tr><td colspan=\"2\"><div class=\"wpcr3_leave_text\">Submit your review<\/div><\/td><\/tr><tr class=\"wpcr3_review_form_text_field\"><td><label for=\"wpcr3_fname\" class=\"comment-field\">Name: <\/label><\/td><td><input maxlength=\"150\" class=\"text-input wpcr3_required\" type=\"text\" id=\"wpcr3_fname\" name=\"wpcr3_fname\" value=\"\" \/><\/td><\/tr><tr class=\"wpcr3_review_form_text_field\"><td><label for=\"wpcr3_femail\" class=\"comment-field\">Email: <\/label><\/td><td><input maxlength=\"150\" class=\"text-input wpcr3_required\" type=\"text\" id=\"wpcr3_femail\" name=\"wpcr3_femail\" value=\"\" \/><\/td><\/tr><tr class=\"wpcr3_review_form_text_field\"><td><label for=\"wpcr3_ftitle\" class=\"comment-field\">Review Title: <\/label><\/td><td><input maxlength=\"150\" class=\"text-input\" type=\"text\" id=\"wpcr3_ftitle\" name=\"wpcr3_ftitle\" value=\"\" \/><\/td><\/tr><tr class=\"wpcr3_review_form_rating_field\"><td><label for=\"id_wpcr3_frating\" class=\"comment-field\">Rating: <\/label><\/td><td><div class=\"wpcr3_rating_stars\"><div class=\"wpcr3_rating_style1\"><div class=\"wpcr3_rating_style1_status\"><div class=\"wpcr3_rating_style1_score\"><div class=\"wpcr3_rating_style1_score1\">1<\/div><div class=\"wpcr3_rating_style1_score2\">2<\/div><div class=\"wpcr3_rating_style1_score3\">3<\/div><div class=\"wpcr3_rating_style1_score4\">4<\/div><div class=\"wpcr3_rating_style1_score5\">5<\/div><\/div><\/div><div class=\"wpcr3_rating_style1_base wpcr3_hide\"><div class=\"wpcr3_rating_style1_average\" style=\"width:0%;\"><\/div><\/div><\/div><\/div><input style=\"display:none;\" type=\"hidden\" class=\"wpcr3_required wpcr3_frating\" id=\"id_wpcr3_frating\"name=\"wpcr3_frating\" \/><\/td><\/tr><tr class=\"wpcr3_review_form_review_field_label\"><td colspan=\"2\"><label for=\"id_wpcr3_ftext\" class=\"comment-field\">Review: <\/label><\/td><\/tr><tr class=\"wpcr3_review_form_review_field_textarea\"><td colspan=\"2\"><textarea class=\"wpcr3_required wpcr3_ftext\" id=\"id_wpcr3_ftext\" name=\"wpcr3_ftext\" rows=\"8\"cols=\"50\"><\/textarea><\/td><\/tr><tr><td colspan=\"2\" class=\"wpcr3_check_confirm\"><div class=\"wpcr3_clear\"><\/div><input type=\"hidden\" name=\"wpcr3_postid\" value=\"4609\" \/><input type=\"text\" class=\"wpcr3_fakehide wpcr3_fake_website\" name=\"website\" \/><input type=\"text\" class=\"wpcr3_fakehide wpcr3_fake_url\" name=\"url\" \/><input type=\"checkbox\" class=\"wpcr3_fakehide wpcr3_fconfirm1\" name=\"wpcr3_fconfirm1\" value=\"1\" \/><label><input type=\"checkbox\" name=\"wpcr3_fconfirm2\" class=\"wpcr3_fconfirm2\" value=\"1\" \/>&nbsp; Check this box to confirm you are human.<\/label><input type=\"checkbox\" class=\"wpcr3_fakehide wpcr3_fconfirm3\" name=\"wpcr3_fconfirm3\" checked=\"checked\" value=\"1\" \/><\/td><\/tr><tr><td colspan=\"2\"><div class=\"wpcr3_button_1 wpcr3_submit_btn\">Anmelden<\/div>&nbsp;&nbsp;&nbsp;&nbsp;&nbsp;<div class=\"wpcr3_button_1 wpcr3_cancel_btn\">Cancel<\/div><\/td><\/tr><\/tbody><\/table><\/div><\/div><div class=\"wpcr3_clear wpcr3_pb5\"><\/div><div class=\"wpcr3_respond_3\"><p><div class=\"wpcr3_button_1 wpcr3_show_btn\">Create your own review<\/div><\/p><\/div><div class=\"wpcr3_dotline\"><\/div><div class=\"wpcr3_reviews_holder\"><div class=\"wpcr3_review_item\"><div class=\"wpcr3_item wpcr3_business\" itemscope itemtype=\"https:\/\/schema.org\/LocalBusiness\"><div class=\"wpcr3_item_name\">pharaohs reisen<\/div><meta itemprop=\"name\" content=\"pharaohs reisen\" \/><meta itemprop=\"url\" content=\"https:\/\/pharaohsreisen.com\/de\" \/><meta itemprop=\"image\" content=\"https:\/\/pharaohsreisen.com\/wp-content\/plugins\/wp-customer-reviews\/css\/1x1.png\" \/><div class=\"wpcr3_aggregateRating\"><span class=\"wpcr3_aggregateRating_overallText\">Average rating: <\/span>&nbsp;<div class=\"wpcr3_aggregateRating_ratingValue\"><div class=\"wpcr3_rating_style1\"><div class=\"wpcr3_rating_style1_base\"><div class=\"wpcr3_rating_style1_average\" style=\"width:0%;\"><\/div><\/div><\/div><\/div>&nbsp;<span class=\"wpcr3_aggregateRating_reviewCount\">0 reviews<\/span><\/div><\/div><\/div><\/div><\/div><\/div>","protected":false},"excerpt":{"rendered":"<p>Overview Discover Nubian culture on a private day tour to Aswan\u00a0 with an Egyptologist guide. Visit the Aswan High Dam, Temple of Philae, and the unfinished obelisk. Savor lunch in a local restaurant, and enjoy included hotel pickup and drop-off. Tour Highlights Full-day Aswan trip from Hurghada Visit top sites with a local guide Visiting [&hellip;]<\/p>","protected":false},"featured_media":4600,"comment_status":"closed","ping_status":"closed","template":"","meta":{"om_disable_all_campaigns":false,"_mi_skip_tracking":false,"_monsterinsights_sitenote_active":false,"_monsterinsights_sitenote_note":"","_monsterinsights_sitenote_category":0},"product_cat":[46],"product_tag":[53,55,54],"class_list":["post-4609","product","type-product","status-publish","has-post-thumbnail","hentry","product_cat-cultural-trips","product_tag-aswan","product_tag-aswan-ausflug","product_tag-aswan-trip"],"aioseo_notices":[],"_links":{"self":[{"href":"https:\/\/pharaohsreisen.com\/de\/wp-json\/wp\/v2\/product\/4609","targetHints":{"allow":["GET"]}}],"collection":[{"href":"https:\/\/pharaohsreisen.com\/de\/wp-json\/wp\/v2\/product"}],"about":[{"href":"https:\/\/pharaohsreisen.com\/de\/wp-json\/wp\/v2\/types\/product"}],"replies":[{"embeddable":true,"href":"https:\/\/pharaohsreisen.com\/de\/wp-json\/wp\/v2\/comments?post=4609"}],"wp:featuredmedia":[{"embeddable":true,"href":"https:\/\/pharaohsreisen.com\/de\/wp-json\/wp\/v2\/media\/4600"}],"wp:attachment":[{"href":"https:\/\/pharaohsreisen.com\/de\/wp-json\/wp\/v2\/media?parent=4609"}],"wp:term":[{"taxonomy":"product_cat","embeddable":true,"href":"https:\/\/pharaohsreisen.com\/de\/wp-json\/wp\/v2\/product_cat?post=4609"},{"taxonomy":"product_tag","embeddable":true,"href":"https:\/\/pharaohsreisen.com\/de\/wp-json\/wp\/v2\/product_tag?post=4609"}],"curies":[{"name":"wp","href":"https:\/\/api.w.org\/{rel}","templated":true}]}}